{"id":7,"date":"2018-02-24T14:03:22","date_gmt":"2018-02-24T13:03:22","guid":{"rendered":"http:\/\/benoit.dacre-wright.com\/?page_id=7"},"modified":"2021-09-18T16:59:31","modified_gmt":"2021-09-18T14:59:31","slug":"accueil","status":"publish","type":"page","link":"https:\/\/benoit.dacre-wright.com\/","title":{"rendered":"Accueil"},"content":{"rendered":"<p><section class=\"kc-elm kc-css-967966 kc_row\"><div class=\"kc-row-container  kc-container\"><div class=\"kc-wrap-columns\"><div class=\"kc-elm kc-css-123675 kc_col-sm-12 kc_column kc_col-sm-12\"><div class=\"kc-col-container\"><div class=\"kc-elm kc-css-884081 kc_text_block\"><\/p>\n<p class=\"MsoNormal\">Pourquoi consulter un Conseiller Conjugal et Familial\u00a0?<\/p>\n<p><strong>\u00a0<\/strong><\/p>\n<p>\n<\/div><div class=\"kc-elm kc-css-759424 kc_text_block\"><\/p>\n<p>\n<span style=\"font-style: inherit;\">Vous souhaitez d\u00e9nouer une crise&nbsp;?<br \/><\/span><span style=\"font-style: inherit;\">Traverser une&nbsp;<\/span><span style=\"font-style: inherit;\">\u00e9preuve&nbsp;?<br \/><\/span><span style=\"font-style: inherit;\">Sortir d\u2019une douloureuse indiff\u00e9rence&nbsp;?<br \/><\/span><span style=\"font-style: inherit;\">G\u00e9rer des conflits \u00e9ducatifs ?<br \/><\/span><span style=\"font-style: inherit;\">Briser la&nbsp;<\/span><span style=\"font-style: inherit;\">r\u00e9p\u00e9tition de sc\u00e9narios blessants&nbsp;?&nbsp;<\/span><\/p>\n<p class=\"MsoNormal\"><span style=\"font-style: inherit;\">Reconstruire suite \u00e0 une infid\u00e9lit\u00e9 ?<\/span><span style=\"font-style: inherit;\"><br \/><\/span><span style=\"font-style: inherit;\">Echapper \u00e0 la spirale de l&#8217;addiction ?<br \/>Renouer le dialogue&nbsp;?<br \/>Renouveler&nbsp;<\/span><span style=\"font-style: inherit;\">une relation de qualit\u00e9&nbsp;?<\/span><\/p>\n<p class=\"MsoNormal\"><span style=\"font-style: inherit;\">&nbsp;<\/span><\/p>\n<p>\n<\/div><div class=\"kc-elm kc-css-892619 kc_text_block\"><\/p>\n<p>\n<span style=\"font-style: inherit;\">Il arrive que le dialogue du couple soit en panne, ou insuffisant pour clarifier la situation et identifier une issue favorable.\u00a0<\/span><span style=\"font-style: inherit;\">Une aide ext\u00e9rieure est alors n\u00e9cessaire.<\/span><\/p>\n<p><span style=\"font-style: inherit;\">\u00a0<\/span><\/p>\n<p class=\"MsoNormal\">\n<\/div><div class=\"kc-elm kc-css-207171 kc_text_block\"><\/p>\n<p><span style=\"font-style: inherit;\">Conseiller Conjugal et Familial, je vous propose un espace de\u00a0<\/span><span style=\"font-style: inherit;\">dialogue, favoris\u00e9 par l\u2019\u00e9coute active rog\u00e9rienne et la r\u00e9gulation \u00e9motionnelle,\u00a0<\/span><span style=\"font-style: inherit;\">dans un cadre bienveillant et confidentiel. Je mets mes comp\u00e9tences professionnelles et mon exp\u00e9rience \u00e0 votre service pour vous accompagner, en couple ou individuellement,\u00a0<\/span><span style=\"font-style: inherit;\">dans votre compr\u00e9hension de la situation et votre recherche de solution.<\/span><\/p>\n<p style=\"text-align: center;\"><strong>\u00a0<\/strong><\/p>\n<p><strong>\u00a0<\/strong><\/p>\n<p class=\"MsoNormal\">\n<\/div><\/div><\/div><\/div><\/div><\/section><section class=\"kc-elm kc-css-596946 kc_row\"><div class=\"kc-row-container  kc-container\"><div class=\"kc-wrap-columns\"><div class=\"kc-elm kc-css-617618 kc_col-sm-12 kc_column kc_col-sm-12\"><div class=\"kc-col-container\"><div class=\"kc-elm kc-css-18075 kc_text_block\"><\/p>\n<p class=\"MsoNormal\">\n<\/div><\/div><\/div><\/div><\/div><\/section><section class=\"kc-elm kc-css-75981 kc_row\"><div class=\"kc-row-container  kc-container\"><div class=\"kc-wrap-columns\"><div class=\"kc-elm kc-css-499167 kc_col-sm-12 kc_column kc_col-sm-12\"><div class=\"kc-col-container\"><div class=\"kc-elm kc-css-94917 kc_text_block\"><\/p>\n<p>\n<\/div><\/div><\/div><\/div><\/div><\/section><\/p>\n","protected":false},"excerpt":{"rendered":"","protected":false},"author":1,"featured_media":0,"parent":0,"menu_order":0,"comment_status":"closed","ping_status":"closed","template":"","meta":[],"_links":{"self":[{"href":"https:\/\/benoit.dacre-wright.com\/index.php\/wp-json\/wp\/v2\/pages\/7"}],"collection":[{"href":"https:\/\/benoit.dacre-wright.com\/index.php\/wp-json\/wp\/v2\/pages"}],"about":[{"href":"https:\/\/benoit.dacre-wright.com\/index.php\/wp-json\/wp\/v2\/types\/page"}],"author":[{"embeddable":true,"href":"https:\/\/benoit.dacre-wright.com\/index.php\/wp-json\/wp\/v2\/users\/1"}],"replies":[{"embeddable":true,"href":"https:\/\/benoit.dacre-wright.com\/index.php\/wp-json\/wp\/v2\/comments?post=7"}],"version-history":[{"count":22,"href":"https:\/\/benoit.dacre-wright.com\/index.php\/wp-json\/wp\/v2\/pages\/7\/revisions"}],"predecessor-version":[{"id":207,"href":"https:\/\/benoit.dacre-wright.com\/index.php\/wp-json\/wp\/v2\/pages\/7\/revisions\/207"}],"wp:attachment":[{"href":"https:\/\/benoit.dacre-wright.com\/index.php\/wp-json\/wp\/v2\/media?parent=7"}],"curies":[{"name":"wp","href":"https:\/\/api.w.org\/{rel}","templated":true}]}}