{"id":164,"date":"2021-06-05T10:46:14","date_gmt":"2021-06-05T08:46:14","guid":{"rendered":"https:\/\/benoit.dacre-wright.com\/?page_id=164"},"modified":"2022-04-19T14:54:30","modified_gmt":"2022-04-19T12:54:30","slug":"le-conseil-conjugal-et-familial","status":"publish","type":"page","link":"https:\/\/benoit.dacre-wright.com\/index.php\/le-conseil-conjugal-et-familial\/","title":{"rendered":"Le Conseil Conjugal et Familial"},"content":{"rendered":"\n<p>La qualit\u00e9 relationnelle est une richesse essentielle du couple et de la famille. Elle est \u00e9galement indispensable \u00e0 notre vie sociale et professionnelle. Qu&#8217;il s&#8217;agisse de relation amoureuse, conjugale, parentale, \u00e9ducative, fraternelle, amicale ou professionnelle, la qualit\u00e9 relationnelle est n\u00e9cessaire \u00e0 notre vie et notre bonheur, car nous sommes des \u00eatres de relation.<\/p>\n\n\n\n<p>Il arrive que nos relations se d\u00e9t\u00e9riorent, g\u00e9n\u00e9rant insatisfaction et tensions. Un \u00e9v\u00e9nement particulier peut bousculer nos \u00e9quilibres de vie, comme l&#8217;arriv\u00e9e d&#8217;un enfant, un d\u00e9m\u00e9nagement, un changement ou une perte d&#8217;activit\u00e9 professionnelle, un d\u00e9c\u00e8s, une maladie. Parfois, c&#8217;est au contraire une routine qui s&#8217;installe autour de sc\u00e9narios r\u00e9p\u00e9titifs, sources d&#8217;insatisfaction, et pouvant se traduire par divers comportements de fuite, d&#8217;agressivit\u00e9 ou d&#8217;addiction. Les difficult\u00e9s peuvent toucher l&#8217;un des membres de la famille, et se r\u00e9percuter sur tout l&#8217;\u00e9quilibre familial.<\/p>\n\n\n\n<p>Nous pouvons trouver une solution \u00e0 la plupart de ces situations gr\u00e2ce \u00e0 une meilleure communication, reposant sur l&#8217;\u00e9coute et l&#8217;expression bienveillante de nos \u00e9motions et de nos besoins. Mais lorsque la capacit\u00e9 relationnelle du couple et de la famille se trouve atteinte, une aide s&#8217;av\u00e8re n\u00e9cessaire pour soigner la relation, restaurer notre aptitude \u00e0 prendre soin de nous-m\u00eame et des autres, et ouvrir la voie vers une plus grande qualit\u00e9 d&#8217;\u00eatre.<\/p>\n\n\n\n<p>L&#8217;entretien de conseil conjugal et familial, qui peut \u00eatre individuel, en couple ou en famille, permet de b\u00e9n\u00e9ficier de l&#8217;\u00e9coute active et s\u00e9curisante d&#8217;un professionnel, qui offre un miroir et un \u00e9clairage \u00e0 la relation. La pr\u00e9sence d&#8217;un tiers, \u00e0 la fois bienveillant et facilitant, permet l&#8217;expression et l&#8217;\u00e9coute de chaque membre du couple et de la famille, favorisant compr\u00e9hension et prise de recul.<\/p>\n\n\n\n<p>Form\u00e9 par le CLER Amour et Famille et membre de l&#8217;ANCCEF, je fonde ma pratique sur l&#8217;\u00e9coute rog\u00e9rienne, des outils d&#8217;analyse transactionnelle et syst\u00e9mique , et une anthropologie int\u00e9grant l&#8217;ensemble des dimensions de la personne. Je puise \u00e9galement mon inspiration dans la psychologie de Young et les apports r\u00e9cents des neurosciences. Sans compter tout ce que vous apportez de richesse insoup\u00e7onn\u00e9e en vous, et qui mobilisera toute mon attention et ma bienveillance lorsque je vous recevrai en consultation, \u00e0 Toulouse, \u00e0 Lauzerville ou m\u00eame en visioconf\u00e9rence.<\/p>\n","protected":false},"excerpt":{"rendered":"<p>La qualit\u00e9 relationnelle est une richesse essentielle du couple et de la famille. Elle est \u00e9galement indispensable \u00e0 notre vie sociale et professionnelle. Qu&#8217;il s&#8217;agisse de relation amoureuse, conjugale, parentale, \u00e9ducative, fraternelle, amicale ou professionnelle, la qualit\u00e9 relationnelle est n\u00e9cessaire \u00e0 notre vie et notre bonheur, car nous sommes des \u00eatres de relation. Il arrive &hellip; <\/p>\n<p class=\"link-more\"><a href=\"https:\/\/benoit.dacre-wright.com\/index.php\/le-conseil-conjugal-et-familial\/\" class=\"more-link\">Continuer la lecture<span class=\"screen-reader-text\"> de &laquo;&nbsp;Le Conseil Conjugal et Familial&nbsp;&raquo;<\/span><\/a><\/p>\n","protected":false},"author":1,"featured_media":0,"parent":0,"menu_order":0,"comment_status":"closed","ping_status":"closed","template":"","meta":[],"_links":{"self":[{"href":"https:\/\/benoit.dacre-wright.com\/index.php\/wp-json\/wp\/v2\/pages\/164"}],"collection":[{"href":"https:\/\/benoit.dacre-wright.com\/index.php\/wp-json\/wp\/v2\/pages"}],"about":[{"href":"https:\/\/benoit.dacre-wright.com\/index.php\/wp-json\/wp\/v2\/types\/page"}],"author":[{"embeddable":true,"href":"https:\/\/benoit.dacre-wright.com\/index.php\/wp-json\/wp\/v2\/users\/1"}],"replies":[{"embeddable":true,"href":"https:\/\/benoit.dacre-wright.com\/index.php\/wp-json\/wp\/v2\/comments?post=164"}],"version-history":[{"count":5,"href":"https:\/\/benoit.dacre-wright.com\/index.php\/wp-json\/wp\/v2\/pages\/164\/revisions"}],"predecessor-version":[{"id":232,"href":"https:\/\/benoit.dacre-wright.com\/index.php\/wp-json\/wp\/v2\/pages\/164\/revisions\/232"}],"wp:attachment":[{"href":"https:\/\/benoit.dacre-wright.com\/index.php\/wp-json\/wp\/v2\/media?parent=164"}],"curies":[{"name":"wp","href":"https:\/\/api.w.org\/{rel}","templated":true}]}}